{"id":16,"date":"2022-11-16T09:31:08","date_gmt":"2022-11-16T08:31:08","guid":{"rendered":"https:\/\/www.david-blum.com\/wordpress\/?page_id=16"},"modified":"2026-04-17T10:22:41","modified_gmt":"2026-04-17T08:22:41","slug":"jugendbuch","status":"publish","type":"page","link":"https:\/\/www.david-blum.com\/wordpress\/","title":{"rendered":"Jugendbuch"},"content":{"rendered":"<h2 id=\"kollektorgang\">Kollektorgang<\/h2>\n<p><a href=\"https:\/\/www.david-blum.com\/wordpress\/wp-content\/uploads\/2023\/01\/9783407757340.jpg\"><img loading=\"lazy\" decoding=\"async\" class=\"alignleft wp-image-81 size-medium\" src=\"https:\/\/www.david-blum.com\/wordpress\/wp-content\/uploads\/2023\/01\/9783407757340-197x300.jpg\" alt=\"\" width=\"197\" height=\"300\" srcset=\"https:\/\/www.david-blum.com\/wordpress\/wp-content\/uploads\/2023\/01\/9783407757340-197x300.jpg 197w, https:\/\/www.david-blum.com\/wordpress\/wp-content\/uploads\/2023\/01\/9783407757340.jpg 600w\" sizes=\"auto, (max-width: 197px) 100vw, 197px\" \/><\/a><\/p>\n<p>Mario wurde nicht einmal 14 Jahre alt. Wieso, das erz\u00e4hlt er von seinem Grab aus: Wie zwei Gruppen sich in unterirdischen Katakomben ihr eigenes Reich bauen, um das sie k\u00e4mpfen bis zum Tod, von Freundschaft und einem ph\u00e4nomenalen Boxkampf zwischen seinem besten Freund Rajko und einer Gang Neonazis.<br \/>\nMit viel schwarzem Humor, aber auch voller Hoffnung und Liebe berichtet Mario von Gewalt, Au\u00dfenseitertum und dem trostlosen Dasein zwischen Plattenbauten, wo Eltern genau so abwesend sind wie eine Zukunft. Dieser wortgewaltige Roman entfaltet einen un-heimeligen Sog, dem man so nur selten begegnet \u2013 vielleicht sogar nie. Genau wie den Erwachsenen im Plattenbau.<\/p>\n<h3>Auszeichnungen<\/h3>\n<p><a href=\"https:\/\/www.david-blum.com\/wordpress\/wp-content\/uploads\/2023\/01\/2023_Gewinnertitel.pdf\" target=\"_blank\" rel=\"noopener\">Peter-H\u00e4rtling-Preis 2023<\/a><\/p>\n<p><a href=\"https:\/\/www.amadeu-antonio-stiftung.de\/amadeu-antonio-preis-2023\/\" target=\"_blank\" rel=\"noopener\">Amadeu-Antonio-Preis 2023 (2. Preis)<\/a><\/p>\n<p><a href=\"https:\/\/www.oldenburg.de\/metanavigation\/presse\/pressemitteilung\/news\/kinder-und-jugendbuchpreis-zwei-manuskripte-und-ein-jugendbuch-nominiert.html\" target=\"_blank\" rel=\"noopener\">Shortlist Oldenburger Kinder- und Jugendbuchpreis 2023<\/a><\/p>\n<p><a href=\"https:\/\/www.akademie-kjl.de\/preise-auszeichnungen\/paul-maar-preis\/paul-maar-preis-korbinian-2023-nominierungsliste\/\" target=\"_blank\" rel=\"noopener\">Shortlist Korbinian \u2013 Paul-Maar-Preis 2023<\/a><\/p>\n<p><a href=\"https:\/\/www.saechsischer-literaturrat.de\/projekte\/sachsischer-bucherkoffer\" target=\"_blank\" rel=\"noopener\">S\u00e4chsischer B\u00fccherkoffer des S\u00e4chsischen Literaturrats, Fr\u00fchjahr 2023<\/a><\/p>\n<p><a href=\"https:\/\/www.deutschlandfunk.de\/die-besten-7-im-juni-dlf-d8f7e081-100.html\" target=\"_blank\" rel=\"noopener\">Die besten 7 B\u00fccher f\u00fcr junge Leser, Juni 2023 (Deutschlandfunk)<\/a><\/p>\n<p><a href=\"https:\/\/deutscher-literaturfonds.de\/preise\/kranichsteiner-kinder-und-jugendliteratur-stipendien\/2024\/\" target=\"_blank\" rel=\"noopener\">Kranichsteiner Jugendliteratur-Stipendium 2024<\/a><\/p>\n<p><a href=\"https:\/\/www.jukuwe-leipzig.de\/projekte\/leipziger-jugend-literatur-jury\/\" target=\"_blank\" rel=\"noopener\">Leipziger Jugend-Literatur-Jury Favoriten 2024<\/a><\/p>\n<h3>Daten<\/h3>\n<p>David Blum<br \/>\n<strong>Kollektorgang<\/strong><br \/>\nRoman<br \/>\nBeltz &amp; Gelberg<br \/>\n128 Seiten, Klappenbroschur<br \/>\n<span class=\"buchmeta-col2\">ISBN: 978-3-407-75734-0<br \/>\nErscheinungsdatum: <\/span>08.03.23<br \/>\n<a href=\"https:\/\/www.david-blum.com\/wordpress\/wp-content\/uploads\/2023\/01\/978-3-407-75734-0.pdf\" target=\"_blank\" rel=\"noopener\">Leseprobe<\/a> | <a href=\"https:\/\/www.david-blum.com\/wordpress\/wp-content\/uploads\/2023\/07\/lesungsangebot_david-blum.pdf\" target=\"_blank\" rel=\"noopener\">Lesungsangebot<\/a> | <a href=\"https:\/\/www.david-blum.com\/wordpress\/wp-content\/uploads\/2023\/01\/9783407757340.jpg\" target=\"_blank\" rel=\"noopener\">Cover<\/a> | <a href=\"https:\/\/www.david-blum.com\/wordpress\/wp-content\/uploads\/2023\/02\/9783407757340_weiterecover_01.jpg\" target=\"_blank\" rel=\"noopener\">Cover 3D<\/a> | <a href=\"https:\/\/www.david-blum.com\/wordpress\/wp-content\/uploads\/2023\/02\/9783407757340_BC.jpg\">U4<\/a> | <a href=\"https:\/\/www.beltz.de\/kinderbuch_jugendbuch\/produkte\/details\/49772-kollektorgang.html\" target=\"_blank\" rel=\"noopener\">Bestellen<\/a><span id=\"page3R_mcid11\" class=\"markedContent\"><\/span><\/p>\n<p><img loading=\"lazy\" decoding=\"async\" class=\"alignleft size-full wp-image-72\" src=\"https:\/\/www.david-blum.com\/wordpress\/wp-content\/uploads\/2022\/11\/csm_Haertlingpreis_Logo_rgb_497cf46d3a.png\" alt=\"\" width=\"150\" height=\"150\" \/><\/p>\n","protected":false},"excerpt":{"rendered":"<p>Kollektorgang Mario wurde nicht einmal 14 Jahre alt. Wieso, das erz\u00e4hlt er von seinem Grab aus: Wie zwei Gruppen sich in unterirdischen Katakomben ihr eigenes Reich bauen, um das sie k\u00e4mpfen bis zum Tod, von Freundschaft und einem ph\u00e4nomenalen Boxkampf zwischen seinem besten Freund Rajko und einer Gang Neonazis. Mit viel schwarzem Humor, aber auch&hellip; <a class=\"more-link\" href=\"https:\/\/www.david-blum.com\/wordpress\/\"><span class=\"screen-reader-text\">Jugendbuch<\/span> weiterlesen<\/a><\/p>\n","protected":false},"author":1,"featured_media":0,"parent":0,"menu_order":0,"comment_status":"closed","ping_status":"closed","template":"","meta":{"footnotes":""},"class_list":["post-16","page","type-page","status-publish","hentry","entry"],"_links":{"self":[{"href":"https:\/\/www.david-blum.com\/wordpress\/wp-json\/wp\/v2\/pages\/16","targetHints":{"allow":["GET"]}}],"collection":[{"href":"https:\/\/www.david-blum.com\/wordpress\/wp-json\/wp\/v2\/pages"}],"about":[{"href":"https:\/\/www.david-blum.com\/wordpress\/wp-json\/wp\/v2\/types\/page"}],"author":[{"embeddable":true,"href":"https:\/\/www.david-blum.com\/wordpress\/wp-json\/wp\/v2\/users\/1"}],"replies":[{"embeddable":true,"href":"https:\/\/www.david-blum.com\/wordpress\/wp-json\/wp\/v2\/comments?post=16"}],"version-history":[{"count":169,"href":"https:\/\/www.david-blum.com\/wordpress\/wp-json\/wp\/v2\/pages\/16\/revisions"}],"predecessor-version":[{"id":786,"href":"https:\/\/www.david-blum.com\/wordpress\/wp-json\/wp\/v2\/pages\/16\/revisions\/786"}],"wp:attachment":[{"href":"https:\/\/www.david-blum.com\/wordpress\/wp-json\/wp\/v2\/media?parent=16"}],"curies":[{"name":"wp","href":"https:\/\/api.w.org\/{rel}","templated":true}]}}