{"id":306,"date":"2023-08-21T08:50:30","date_gmt":"2023-08-21T06:50:30","guid":{"rendered":"https:\/\/www.david-blum.com\/wordpress\/?page_id=306"},"modified":"2026-04-17T10:07:49","modified_gmt":"2026-04-17T08:07:49","slug":"306-2","status":"publish","type":"page","link":"https:\/\/www.david-blum.com\/wordpress\/306-2\/","title":{"rendered":"Neu"},"content":{"rendered":"<p><em><strong>13.08.26<\/strong> Neuerscheinung <a href=\"https:\/\/buchhandel.de\/buch\/Ins-Sparschwein-rein-Oh-nein--9783954703272\" target=\"_blank\" rel=\"noopener\">&#8222;Ins Sparschwein rein? Oh nein! Ein Geld rollt um die Welt&#8220;<\/a> bei Klett Kinderbuch<\/em><\/p>\n<p><strong>08.04.26<\/strong> &#8222;Kollektorgang&#8220; bei <a href=\"https:\/\/home.uni-leipzig.de\/lit4school\/de\/kollektorgang\/\" target=\"_blank\" rel=\"noopener\">Lit4School<\/a><\/p>\n<p><strong>04\/2026<\/strong> Essay &#8222;Streiflichter auf den Spreewald&#8220; in &#8222;Spreewald Anthologie XV. Spreewald-Literatur-Stipendium 2023\u20132024&#8220;<\/p>\n<p><strong>03\/2026<\/strong> <a href=\"https:\/\/www.vandenhoeck-ruprecht-verlage.com\/themen-entdecken\/literatur-sprach-und-kulturwissenschaften\/germanistik\/neuere-deutsche-literaturwissenschaft\/60520\/berliner-autor-innenwerkstatt-2025\" target=\"_blank\" rel=\"noopener\">Romanauszug &#8222;Der Herr und sein Knecht&#8220;<\/a> in Sprache im technischen Zeitalter 257<\/p>\n<p><strong>16.01.26<\/strong> Neuauflage <a href=\"https:\/\/www.reise-know-how.de\/de\/produkte\/citytrip\/citytrip-leipzig-68741\" target=\"_blank\" rel=\"noopener\">&#8222;CityTrip Leipzig&#8220;<\/a> bei Reise Know-How<\/p>\n<p><strong>28.11.25<\/strong> <a href=\"https:\/\/chrismon.de\/artikel\/57582\/chrismon-die-story\" target=\"_blank\" rel=\"noopener\">Erz\u00e4hlung &#8222;Die Blume des Lebens&#8220;<\/a> bei chrismon<\/p>\n<p><strong>25.09.25<\/strong> <a href=\"https:\/\/www.barnim.de\/neuigkeiten\/detail\/barnimer-literaturpreise-vergeben\" target=\"_blank\" rel=\"noopener\">Kinder- und Jugendliteraturpreis Eberhard<\/a><\/p>\n<p><strong>09\/25&#8211;12\/25<\/strong> <a href=\"https:\/\/lcb.de\/foerderung\/autorenwerkstatt-prosa\/\" target=\"_blank\" rel=\"noopener\">Autor\u2219innenwerkstatt Prosa &#8222;Das zweite Buch&#8220; 2025<\/a> am Literarischen Colloquium Berlin<\/p>\n<p><strong>25.06.25<\/strong> <a href=\"https:\/\/www.david-blum.com\/wordpress\/wp-content\/uploads\/2025\/06\/Beleg_KUDU_Magazin_2025_06.pdf\" target=\"_blank\" rel=\"noopener\">Rezension<\/a> von &#8222;CityTrip Chemnitz&#8220; im KUDU Lesemagazin<\/p>\n<p><strong>03.02.25<\/strong> <a href=\"https:\/\/www.goethe.de\/prj\/jad\/de\/the\/hcw\/res\/26377041.html\" target=\"_blank\" rel=\"noopener\">Text<\/a> im Jadu-Magazin des Goethe-Instituts<\/p>\n<p><strong>13.01.25<\/strong> <a href=\"https:\/\/www.david-blum.com\/wordpress\/reisefuehrer#chemnitz\">CityTrip Chemnitz<\/a> bei Reise Know-How<\/p>\n<p><strong>09.12.24<\/strong> <a href=\"https:\/\/balticworlds.com\/nostalgia-or-nightmare\/\" target=\"_blank\" rel=\"noopener\">Essay<\/a> u. a. \u00fcber &#8222;Kollektorgang&#8220; in Baltic Worlds<\/p>\n<p><strong>21.11.24<\/strong> &#8222;Formen der Ersch\u00f6pfung und des Gl\u00fccks&#8220;: <a href=\"https:\/\/static.leipzig.de\/fileadmin\/mediendatenbank\/leipzig-de\/Stadt\/01.1_Geschaeftsbereich_OBM\/14_Ref_Intern_Zusammenarbeit\/Bruenn\/brno_bendixen_blum_briefwechsel.pdf\" target=\"_blank\" rel=\"noopener\">Briefwechsel<\/a> mit <a href=\"https:\/\/www.katharinabendixen.de\" target=\"_blank\" rel=\"noopener\">Katharina Bendixen<\/a> zum Literaturresidenzprogramm Leipzig\/Brno 2024<\/p>\n<p><strong>29.08.24<\/strong> <a href=\"https:\/\/zuckerundzitrone.net\/magazin\/david-blum-im-zweifel-ausprobieren\/\" target=\"_blank\" rel=\"noopener\">Interview<\/a> bei Zucker &amp; Zitrone \u00fcber &#8222;Kollektorgang&#8220;<\/p>\n<p><strong>05.07.24<\/strong> Aufenthaltsstipendium <a href=\"http:\/\/www.vs-in-leipzig.de\/?Aktuelles%2FStipendien\" target=\"_blank\" rel=\"noopener\">Literatur-Residenzprogramm Leipzig\u2013Brno<\/a><\/p>\n<p><strong>02.07.24<\/strong> &#8222;Kollektorgang&#8220; unter den <a href=\"https:\/\/stadtbibliothek.leipzig.de\/macht-mit\/leipziger-jugend-literatur-jury\" target=\"_blank\" rel=\"noopener\">Leipziger Jugend-Literatur-Jury Favoriten 2024<\/a><\/p>\n<p><strong>27.06.24<\/strong> <a href=\"https:\/\/www.david-blum.com\/wordpress\/wp-content\/uploads\/2024\/07\/Unbenannt.pdf\" target=\"_blank\" rel=\"noopener\">Rhein-Neckar-Zeitung<\/a> \u00fcber Lesung aus &#8222;Kollektorgang&#8220; im Rahmen des Int. Literaturfestivals Heidelberg<\/p>\n<p><strong>26.06.24<\/strong> <a href=\"https:\/\/dokuzentrum.sintiundroma.de\/publikationen\/newess-2023\/\" target=\"_blank\" rel=\"noopener\">Rezension<\/a> von &#8222;Kollektorgang&#8220; in Newess \u2013 Magazin des Dokumentations- und Kulturzentrums Deutscher Sinti und Roma sowie des Zentralrats Deutscher Sinti und Roma<\/p>\n<p><strong>22.03.24<\/strong> <a href=\"https:\/\/www.youtube.com\/watch?v=EcrCdnYXGQ8\" target=\"_blank\" rel=\"noopener\">Verleihung<\/a> Kranichsteiner Jugendliteratur-Stipendium f\u00fcr &#8222;Kollektorgang&#8220;<\/p>\n<p><strong>22.03.24<\/strong> &#8222;Kollektorgang&#8220; als <a href=\"https:\/\/www.tagesspiegel.de\/potsdam\/potsdam-kultur\/wo-potsdams-literatur-bluht-funf-entdeckungen-fur-den-bucherfruhling-11400149.html\" target=\"_blank\" rel=\"noopener\">Buchtipp<\/a> im Tagesspiegel<\/p>\n<p><strong>11.03.24<\/strong> <a href=\"https:\/\/deutscher-literaturfonds.de\/preise\/kranichsteiner-kinder-und-jugendliteratur-stipendien\/2024\/\" target=\"_blank\" rel=\"noopener\">Kranichsteiner Jugendliteratur-Stipendium<\/a> f\u00fcr &#8222;Kollektorgang&#8220;<\/p>\n<p><strong>11.03.24<\/strong> Neuauflage <a href=\"https:\/\/www.david-blum.com\/wordpress\/reisefuehrer#leipzig\">&#8222;CityTrip Leipzig&#8220;<\/a> bei Reise Know-How<\/p>\n<p><strong>04.03.24<\/strong> <a href=\"https:\/\/www.german-stories.de\/files\/magazine\/pdf\/GermanStories_2024_DS.pdf\" target=\"_blank\" rel=\"noopener\">Rezension<\/a> von &#8222;Kollektorgang&#8220; in German Stories \u2013 News from Frankfurt<\/p>\n<p><strong>11.01.24<\/strong> <a href=\"https:\/\/www.david-blum.com\/wordpress\/wp-content\/uploads\/2024\/01\/nd_nd.DerTag_20240111.pdf\" target=\"_blank\" rel=\"noopener\">Rezension<\/a> von &#8222;other writers need to concentrate&#8220; im nd<\/p>\n<p><strong>28.12.23<\/strong> <a href=\"https:\/\/www.sueddeutsche.de\/kultur\/kollektorgang-david-blum-rezension-1.6325521?reduced=true\" target=\"_blank\" rel=\"noopener\">Rezension<\/a> von &#8222;Kollektorgang&#8220; in der SZ<\/p>\n<p><strong>21.12.23<\/strong> <a href=\"https:\/\/www.der-rote-elefant.org\/david-blum-kollektorgang\/\" target=\"_blank\" rel=\"noopener\">Rezension<\/a> von &#8222;Kollektorgang&#8220; bei Der rote Elefant<\/p>\n<p><strong>28.11.23<\/strong> <a href=\"https:\/\/kreuzer-leipzig.de\/2023\/11\/28\/editorial-12-23\" target=\"_blank\" rel=\"noopener\">Rezension<\/a> von &#8222;other writers need to concentrate&#8220; im kreuzer<\/p>\n<p><strong>18.11.23<\/strong> <a href=\"https:\/\/www.amadeu-antonio-stiftung.de\/amadeu-antonio-preis-2023\/\" target=\"_blank\" rel=\"noopener\">2. Preis<\/a> Amadeu-Antonio-Preis 2023 f\u00fcr &#8222;Kollektorgang&#8220;<\/p>\n<p><strong>17.11.23<\/strong> <a href=\"https:\/\/www.blauschwarzberlin.de\/der-literaturpodcast\/\" target=\"_blank\" rel=\"noopener\">Rezension<\/a> von &#8222;other writers need to concentrate&#8220; bei blauschwarzberlin \u2013 Der Literaturpodcast<\/p>\n<p><strong>13.11.23<\/strong> <a href=\"https:\/\/www.amadeu-antonio-stiftung.de\/amadeu-antonio-preis-2023\/\" target=\"_blank\" rel=\"noopener\">Shortlist<\/a> Amadeu-Antonio-Preis 2023 f\u00fcr\u00a0 &#8222;Kollektorgang&#8220;<\/p>\n<p><strong>20.10.23<\/strong> <a href=\"https:\/\/www.buecherfrauen.de\/buchempfehlungen\/artikel\/katharina-bendixen-david-blum-barbara-peveling-sibylla-vricic-hausmann-hrsg-other-writers-need-to-concentrate-anthologie\" target=\"_blank\" rel=\"noopener\">Rezension<\/a> von &#8222;other writers need to concentrate&#8220; bei B\u00fccherfrauen<\/p>\n<p><strong>19.10.23<\/strong> Mitherausgeber der Anthologie <a href=\"https:\/\/www.david-blum.com\/wordpress\/herausgeber\/\" target=\"_blank\" rel=\"noopener\">other writers need to concentrate<\/a> bei Sukultur<\/p>\n<p><strong>18.10.23<\/strong> <a href=\"https:\/\/chrismon.evangelisch.de\/artikel\/2023\/54283\/david-blums-roman-kollektorgang-ueber-kampf-gegen-rassismus\" target=\"_blank\" rel=\"noopener\">Interview<\/a> zu &#8222;Kollektorgang&#8220; bei chrismon<\/p>\n<p><strong>12.10.23<\/strong> <a href=\"https:\/\/www.oldenburg.de\/metanavigation\/presse\/pressemitteilung\/news\/kinder-und-jugendbuchpreis-zwei-manuskripte-und-ein-jugendbuch-nominiert.html\" target=\"_blank\" rel=\"noopener\">Shortlist<\/a> Oldenburger Kinder- und Jugendbuchpreis 2023 f\u00fcr &#8222;Kollektorgang&#8220;<\/p>\n<p><strong>05.10.23<\/strong> Homepage f\u00fcr das <a href=\"https:\/\/www.kjl-leipzig.de\" target=\"_blank\" rel=\"noopener\">Netzwerk der Leipziger Kinder- und Jugendbuchautor*innen und -illustrator*innen<\/a><\/p>\n<p><strong>09.09.23<\/strong> <a href=\"https:\/\/www.jungewelt.de\/artikel\/458697.literatur-in-finsternis-und-schatten.html\" target=\"_blank\" rel=\"noopener\">Erz\u00e4hlung &#8222;In Finsternis und Schatten&#8220;<\/a> in der jW<\/p>\n<p><strong>19.08.23<\/strong> <a href=\"https:\/\/www.deutschlandfunk.de\/der-schriftsteller-david-blum-im-gespraech-ueber-kollektorgang-dlf-ebbb7f75-100.html\" target=\"_blank\" rel=\"noopener\">Gespr\u00e4ch<\/a> beim DLF \u00fcber &#8222;Kollektorgang&#8220;<\/p>\n<p><strong>12.08.23<\/strong> <a href=\"https:\/\/www.tlz.de\/kultur\/literatur\/buchtipp-13-und-tot-das-leben-auf-dem-grabstein-id239115437.html\" target=\"_blank\" rel=\"noopener\">Rezension<\/a> von &#8222;Kollektorgang&#8220; in der TLZ<\/p>\n<p><strong>26.07.23<\/strong> &#8222;Kollektorgang&#8220; im <a href=\"https:\/\/www.podcast.de\/episode\/611222684\/vorgestellt-der-saechsische-buecherkoffer-im-ersten-halbjahr-2023\" target=\"_blank\" rel=\"noopener\">Podcast Notabene. Literatur in Sachsen<\/a><\/p>\n<p><strong>14.07.23<\/strong> <a href=\"https:\/\/www.rbb-online.de\/rbbkultur\/radio\/programm\/schema\/sendungen\/der_tag\/archiv\/20230714_1600\/kultur_aktuell_1610.html\" target=\"_blank\" rel=\"noopener\">Gespr\u00e4ch<\/a> bei rbbKultur anl\u00e4sslich der Vergabe der Spreewald-Literaturstipendien 2023\/24<\/p>\n<p><strong>30.06.23<\/strong> <a href=\"https:\/\/www.tagesspiegel.de\/kultur\/baseballschlagerjahre-jugendroman-uber-rechte-gewalt-10077991.html\" target=\"_blank\" rel=\"noopener\">Rezension<\/a> von &#8222;Kollektorgang&#8220; im Tagesspiegel<\/p>\n<p><strong>13.06.23<\/strong> <a href=\"https:\/\/www.david-blum.com\/wordpress\/reisefuehrer\/#thueringen\">&#8222;MeinTrip Th\u00fcringen&#8220;<\/a> bei Reise Know-How erschienen<\/p>\n<p><strong>03.06.23<\/strong> &#8222;Kollektorgang&#8220; unter den <a href=\"https:\/\/www.deutschlandfunk.de\/die-besten-7-im-juni-dlf-d8f7e081-100.html\" target=\"_blank\" rel=\"noopener\">Besten 7 B\u00fccher f\u00fcr junge Leser, Juni 2023 (DLF)<\/a><\/p>\n<p><strong>01.06.23<\/strong> <a href=\"https:\/\/www.akademie-kjl.de\/wp-content\/uploads\/2023\/06\/PM-Fuenf-Autorinnen-und-zwei-Autoren-fuer-KORBINIAN-Paul-Maar-Preis-2023-nominiert.pdf\" target=\"_blank\" rel=\"noopener\">Shortlist<\/a> <span id=\"page609R_mcid76\" class=\"markedContent\"><span dir=\"ltr\" role=\"presentation\">Korbinian \u2013 Paul Maar-Preis f\u00fcr neue Talente 2023<br \/>\n<\/span><\/span><\/p>\n<p><strong>19.05.23<\/strong> &#8222;Kollektorgang&#8220; bei <a href=\"https:\/\/www.podcast.de\/episode\/607685328\/gewaltgeistern-lesen-und-lesen-lassen\" target=\"_blank\" rel=\"noopener\">freigeistern! Der Podcast f\u00fcr Kinder- und Jugendliteratur<\/a><\/p>\n<p><strong>11.05.23<\/strong> SZ \u00fcber die <a href=\"https:\/\/www.sueddeutsche.de\/muenchen\/edgar-selge-preis-literaturhaus-muenchen-bayerische-akademie-des-schreibens-ukraine-1.5848216?reduced=true\" target=\"_blank\" rel=\"noopener\">Buchvorstellung<\/a> von u.a. &#8222;Kollektorgang&#8220; mit Edgar Selge im Literaturhaus M\u00fcnchen<\/p>\n<p><strong>11.05.23<\/strong> &#8222;Kollektorgang&#8220; im <a href=\"https:\/\/www.saechsischer-literaturrat.de\/projekte\/sachsischer-bucherkoffer\" target=\"_blank\" rel=\"noopener\">S\u00e4chsischen B\u00fccherkoffer des S\u00e4chsischen Literaturrats, Fr\u00fchjahr 2023<\/a><\/p>\n<p><strong>07.05.23<\/strong> <a href=\"https:\/\/www.beltz.de\/kinderbuch_jugendbuch\/aktuelles\/aktuell\/16385-hybride-preisverleihung-peter-haertling-preis-2023-fuer-david-blum.html\" target=\"_blank\" rel=\"noopener\">Preisverleihung<\/a> Peter-H\u00e4rtling-Preis 2023<\/p>\n<p><strong>06.05.23<\/strong> <a href=\"https:\/\/www1.wdr.de\/radio\/wdr5\/sendungen\/buecher\/lesefruechte\/kollektorgang-100.html\" target=\"_blank\" rel=\"noopener\">Rezension<\/a> von &#8222;Kollektorgang&#8220; auf WDR5<\/p>\n<p><strong>28.04.23<\/strong> <a href=\"https:\/\/soundcloud.com\/jung-blau\/radioglowgirls-live-mit-autor-david-blum\" target=\"_blank\" rel=\"noopener\">Gespr\u00e4ch<\/a> \u00fcber &#8222;Kollektorgang&#8220; bei Radio Blau<\/p>\n<p><strong>24.04.23<\/strong> <a href=\"https:\/\/www.faz.net\/aktuell\/feuilleton\/buecher\/rezensionen\/kinderbuch\/david-blums-jugendroman-kollektorgang-18842711.html\" target=\"_blank\" rel=\"noopener\">Rezension<\/a> von &#8222;Kollektorgang&#8220; in der FAZ<\/p>\n<p><strong>16.04.23<\/strong> <a href=\"https:\/\/www.buchkultur.net\/iwb_buk_issues\/ausgabe-207\/\" target=\"_blank\" rel=\"noopener\">Rezension<\/a> von &#8222;Kollektorgang&#8220; in Buchkultur<\/p>\n<p><strong>28.03.23<\/strong> <a href=\"https:\/\/kreuzer-leipzig.de\/epaper_uploads\/Logbuch_2023_1\/#78\" target=\"_blank\" rel=\"noopener\">Rezension<\/a> von &#8222;Kollektorgang&#8220; in kreuzer: logbuch, 03\/23<\/p>\n<p><strong>24.03.23<\/strong> <a href=\"https:\/\/www.deutschlandfunkkultur.de\/buchkritik-kollektorgang-von-david-blum-dlf-kultur-1e9f01ec-100.html\" target=\"_blank\" rel=\"noopener\">Rezension<\/a> von &#8222;Kollektorgang&#8220; bei DLF Kultur<\/p>\n<p><strong>08.03.23<\/strong> <a href=\"https:\/\/www.david-blum.com\/wordpress\/#kollektorgang\">&#8222;Kollektorgang&#8220;<\/a> bei Beltz &amp; Gelberg<\/p>\n<p><strong>27.09.22<\/strong> <a href=\"https:\/\/www.beltz.de\/kinderbuch_jugendbuch\/aktuelles\/aktuell\/15935-peter-haertling-preis-2023-fuer-david-blum-1.html\" target=\"_blank\" rel=\"noopener\">Peter-H\u00e4rtling-Preis 2023<\/a> f\u00fcr &#8222;Kollektorgang&#8220;<\/p>\n","protected":false},"excerpt":{"rendered":"<p>13.08.26 Neuerscheinung &#8222;Ins Sparschwein rein? Oh nein! Ein Geld rollt um die Welt&#8220; bei Klett Kinderbuch 08.04.26 &#8222;Kollektorgang&#8220; bei Lit4School 04\/2026 Essay &#8222;Streiflichter auf den Spreewald&#8220; in &#8222;Spreewald Anthologie XV. Spreewald-Literatur-Stipendium 2023\u20132024&#8220; 03\/2026 Romanauszug &#8222;Der Herr und sein Knecht&#8220; in Sprache im technischen Zeitalter 257 16.01.26 Neuauflage &#8222;CityTrip Leipzig&#8220; bei Reise Know-How 28.11.25 Erz\u00e4hlung &#8222;Die&hellip; <a class=\"more-link\" href=\"https:\/\/www.david-blum.com\/wordpress\/306-2\/\"><span class=\"screen-reader-text\">Neu<\/span> weiterlesen<\/a><\/p>\n","protected":false},"author":1,"featured_media":0,"parent":0,"menu_order":0,"comment_status":"closed","ping_status":"closed","template":"","meta":{"footnotes":""},"class_list":["post-306","page","type-page","status-publish","hentry","entry"],"_links":{"self":[{"href":"https:\/\/www.david-blum.com\/wordpress\/wp-json\/wp\/v2\/pages\/306","targetHints":{"allow":["GET"]}}],"collection":[{"href":"https:\/\/www.david-blum.com\/wordpress\/wp-json\/wp\/v2\/pages"}],"about":[{"href":"https:\/\/www.david-blum.com\/wordpress\/wp-json\/wp\/v2\/types\/page"}],"author":[{"embeddable":true,"href":"https:\/\/www.david-blum.com\/wordpress\/wp-json\/wp\/v2\/users\/1"}],"replies":[{"embeddable":true,"href":"https:\/\/www.david-blum.com\/wordpress\/wp-json\/wp\/v2\/comments?post=306"}],"version-history":[{"count":105,"href":"https:\/\/www.david-blum.com\/wordpress\/wp-json\/wp\/v2\/pages\/306\/revisions"}],"predecessor-version":[{"id":785,"href":"https:\/\/www.david-blum.com\/wordpress\/wp-json\/wp\/v2\/pages\/306\/revisions\/785"}],"wp:attachment":[{"href":"https:\/\/www.david-blum.com\/wordpress\/wp-json\/wp\/v2\/media?parent=306"}],"curies":[{"name":"wp","href":"https:\/\/api.w.org\/{rel}","templated":true}]}}