{"id":94,"date":"2023-01-10T16:52:09","date_gmt":"2023-01-10T15:52:09","guid":{"rendered":"https:\/\/www.david-blum.com\/wordpress\/?page_id=94"},"modified":"2025-12-30T14:38:48","modified_gmt":"2025-12-30T13:38:48","slug":"uebersetzung","status":"publish","type":"page","link":"https:\/\/www.david-blum.com\/wordpress\/uebersetzung\/","title":{"rendered":"\u00dcbersetzung"},"content":{"rendered":"<h2>Woodstock Vision. The Spirit of a Generation<\/h2>\n<p><a href=\"https:\/\/www.david-blum.com\/wordpress\/wp-content\/uploads\/2023\/01\/Unbenannt.png\"><img loading=\"lazy\" decoding=\"async\" class=\"wp-image-96 size-medium alignleft\" src=\"https:\/\/www.david-blum.com\/wordpress\/wp-content\/uploads\/2023\/01\/Unbenannt-257x300.png\" alt=\"\" width=\"257\" height=\"300\" srcset=\"https:\/\/www.david-blum.com\/wordpress\/wp-content\/uploads\/2023\/01\/Unbenannt-257x300.png 257w, https:\/\/www.david-blum.com\/wordpress\/wp-content\/uploads\/2023\/01\/Unbenannt-876x1024.png 876w, https:\/\/www.david-blum.com\/wordpress\/wp-content\/uploads\/2023\/01\/Unbenannt-768x898.png 768w, https:\/\/www.david-blum.com\/wordpress\/wp-content\/uploads\/2023\/01\/Unbenannt.png 1026w\" sizes=\"auto, (max-width: 257px) 100vw, 257px\" \/><\/a><\/p>\n<p>2019 feiert &#8222;die Mutter aller Festivals&#8220; (Focus) 50. Jahrestag. 32 Bands und Solok\u00fcnstler, darunter Jimi Hendrix, Janis Joplin und The Who, boten circa 400.000 Besuchern eine Show, die in die Geschichte einging. Doch Woodstock kann mit den Musikevents, die heute landauf, landab stattfinden, nicht verglichen werden. Vielmehr erscheint das ausgeuferte Happening auf einem Acker im Bundesstaat New York r\u00fcckblickend als Kulminationspunkt der Sechzigerjahre. Landy, der mit seinen Fotografien ma\u00dfgeblich zum Ruhm des Festivals beitrug, zeichnet das Bild einer Generation, die die Welt ver\u00e4ndert hat.<\/p>\n<p>Aus dem amerikanischen Englisch \u00fcbersetzt.<\/p>\n<p class=\"form-control-static\">Elliott Landy (Hg.)<br \/>\n<strong>Woodstock Vision. The Spirit of a Generation<\/strong><br \/>\nZweitausendeins<br \/>\n224 Seiten, Hardcover<br \/>\nISBN: 978-3-96318-033-0<br \/>\nErscheinungsdatum: 29.03.19<\/p>\n<h2>Lied f\u00fcr Louise. Das bunte Leben von Louise Bourgeois<\/h2>\n<p><a href=\"https:\/\/www.david-blum.com\/wordpress\/wp-content\/uploads\/2023\/01\/51xK6xuN42L._SX389_BO1204203200_.jpg\"><img loading=\"lazy\" decoding=\"async\" class=\"alignleft size-medium wp-image-97\" src=\"https:\/\/www.david-blum.com\/wordpress\/wp-content\/uploads\/2023\/01\/51xK6xuN42L._SX389_BO1204203200_-235x300.jpg\" alt=\"\" width=\"235\" height=\"300\" srcset=\"https:\/\/www.david-blum.com\/wordpress\/wp-content\/uploads\/2023\/01\/51xK6xuN42L._SX389_BO1204203200_-235x300.jpg 235w, https:\/\/www.david-blum.com\/wordpress\/wp-content\/uploads\/2023\/01\/51xK6xuN42L._SX389_BO1204203200_.jpg 391w\" sizes=\"auto, (max-width: 235px) 100vw, 235px\" \/><\/a><\/p>\n<p>In der Textilwerkstatt der Eltern lernt Louise alles \u00fcber Bl\u00fcten, Tiere, Farben und Gewebe. Sie erf\u00e4hrt, dass Purpurrot von Schnecken stammt, Gelb von Pflanzen, schwarze Wolle vom Schaf, alles Leben aber aus dem Fluss. Als ihre Mutter stirbt, beschlie\u00dft Louise, Naturwissenschaftlerin zu werden. Doch das Blau, die Farbe des Flusses aus Kindertagen, &#8222;zwickt ihr Herz&#8220;. Wird Louise die F\u00e4den der Erinnerung wieder aufnehmen \u2013 und zu etwas ganz Besonderem spinnen?<\/p>\n<p>Aus dem Englischen \u00fcbersetzt, gemeinsam mit <a href=\"https:\/\/www.katharinabendixen.de\/\" target=\"_blank\" rel=\"noopener\">Katharina Bendixen<\/a>.<\/p>\n<p class=\"form-control-static\">Amy Novesky\/Isabelle Arsenault<br \/>\n<strong>Lied f\u00fcr Louise. Das bunte Leben von Louise Bourgeois<\/strong><br \/>\nE. A. Seemann<br \/>\n40 Seiten, Hardcover<br \/>\nISBN: 978-3-86502-380-3<br \/>\nErscheinungsdatum: 29.08.16<\/p>\n","protected":false},"excerpt":{"rendered":"<p>Woodstock Vision. The Spirit of a Generation 2019 feiert &#8222;die Mutter aller Festivals&#8220; (Focus) 50. Jahrestag. 32 Bands und Solok\u00fcnstler, darunter Jimi Hendrix, Janis Joplin und The Who, boten circa 400.000 Besuchern eine Show, die in die Geschichte einging. Doch Woodstock kann mit den Musikevents, die heute landauf, landab stattfinden, nicht verglichen werden. Vielmehr erscheint&hellip; <a class=\"more-link\" href=\"https:\/\/www.david-blum.com\/wordpress\/uebersetzung\/\"><span class=\"screen-reader-text\">\u00dcbersetzung<\/span> weiterlesen<\/a><\/p>\n","protected":false},"author":1,"featured_media":0,"parent":0,"menu_order":0,"comment_status":"closed","ping_status":"closed","template":"","meta":{"footnotes":""},"class_list":["post-94","page","type-page","status-publish","hentry","entry"],"_links":{"self":[{"href":"https:\/\/www.david-blum.com\/wordpress\/wp-json\/wp\/v2\/pages\/94","targetHints":{"allow":["GET"]}}],"collection":[{"href":"https:\/\/www.david-blum.com\/wordpress\/wp-json\/wp\/v2\/pages"}],"about":[{"href":"https:\/\/www.david-blum.com\/wordpress\/wp-json\/wp\/v2\/types\/page"}],"author":[{"embeddable":true,"href":"https:\/\/www.david-blum.com\/wordpress\/wp-json\/wp\/v2\/users\/1"}],"replies":[{"embeddable":true,"href":"https:\/\/www.david-blum.com\/wordpress\/wp-json\/wp\/v2\/comments?post=94"}],"version-history":[{"count":12,"href":"https:\/\/www.david-blum.com\/wordpress\/wp-json\/wp\/v2\/pages\/94\/revisions"}],"predecessor-version":[{"id":728,"href":"https:\/\/www.david-blum.com\/wordpress\/wp-json\/wp\/v2\/pages\/94\/revisions\/728"}],"wp:attachment":[{"href":"https:\/\/www.david-blum.com\/wordpress\/wp-json\/wp\/v2\/media?parent=94"}],"curies":[{"name":"wp","href":"https:\/\/api.w.org\/{rel}","templated":true}]}}